{"id":1242,"date":"2025-03-30T17:19:14","date_gmt":"2025-03-30T15:19:14","guid":{"rendered":"https:\/\/ranch4dogs.eu\/registracija\/"},"modified":"2025-05-13T20:05:59","modified_gmt":"2025-05-13T18:05:59","slug":"registracija","status":"publish","type":"page","link":"https:\/\/ranch4dogs.eu\/sl\/registracija\/","title":{"rendered":"Registracija"},"content":{"rendered":"<div class=\"wpb-content-wrapper\"><p>[vc_row css_animation=&#8221;&#8221; row_type=&#8221;row&#8221; use_row_as_full_screen_section=&#8221;no&#8221; type=&#8221;grid&#8221; angled_section=&#8221;no&#8221; text_align=&#8221;left&#8221; background_image_as_pattern=&#8221;without_pattern&#8221; z_index=&#8221;&#8221;][vc_column width=&#8221;1\/4&#8243;][\/vc_column][vc_column width=&#8221;1\/2&#8243;][vc_empty_space height=&#8221;100px&#8221;][vc_column_text css=&#8221;&#8221;]<\/p>\n<h3 style=\"text-align: center;\">REGISTRACIJA IN REZERVACIJA TERMINA<\/h3>\n<h4 style=\"text-align: center;\">ZA NOVE UPORABNIKE<\/h4>\n<p>[\/vc_column_text][vc_empty_space][vc_column_text css=&#8221;&#8221;]<\/p>\n<p style=\"text-align: center;\">Izpolnite obrazec za registracijo, mi pa vas bomo kontaktirali v najkraj\u0161em mo\u017enem \u010dasu.<\/p>\n<p style=\"text-align: center;\">Kapaciteta sta omejena, zato bomo pred potrditvijo preverili razpolo\u017eljivost mest.<\/p>\n<p>&nbsp;<\/p>\n<p style=\"text-align: center;\">Za hitrej\u0161o preverbo prostih terminov nas lahko najprej pokli\u010dete<a href=\"https:\/\/ranch4dogs.eu\/si\/kontakt\/\"> po telefonu<\/a> \u2013 obrazec lahko izpolnite tudi kasneje.<\/p>\n<p>&nbsp;<\/p>\n<p style=\"text-align: center;\">Hvala za zaupanje!<\/p>\n<p>[\/vc_column_text][vc_empty_space]\n<div class=\"wpcf7 no-js\" id=\"wpcf7-f1249-o1\" lang=\"sl-SI\" dir=\"ltr\" data-wpcf7-id=\"1249\">\n<div class=\"screen-reader-response\"><p role=\"status\" aria-live=\"polite\" aria-atomic=\"true\"><\/p> <ul><\/ul><\/div>\n<form action=\"\/sl\/wp-json\/wp\/v2\/pages\/1242#wpcf7-f1249-o1\" method=\"post\" class=\"wpcf7-form init cf7_custom_style_1\" aria-label=\"Kontaktni obrazec\" novalidate=\"novalidate\" data-status=\"init\">\n<fieldset class=\"hidden-fields-container\"><input type=\"hidden\" name=\"_wpcf7\" value=\"1249\" \/><input type=\"hidden\" name=\"_wpcf7_version\" value=\"6.1.5\" \/><input type=\"hidden\" name=\"_wpcf7_locale\" value=\"sl_SI\" \/><input type=\"hidden\" name=\"_wpcf7_unit_tag\" value=\"wpcf7-f1249-o1\" \/><input type=\"hidden\" name=\"_wpcf7_container_post\" value=\"0\" \/><input type=\"hidden\" name=\"_wpcf7_posted_data_hash\" value=\"\" \/><input type=\"hidden\" name=\"_wpcf7_recaptcha_response\" value=\"\" \/>\n<\/fieldset>\n<h5 style=\"text-align: center;\">PODATKI O LASTNIKU\n<\/h5>\n<div>\n\t<p><span class=\"wpcf7-form-control-wrap\" data-name=\"text-111\"><input size=\"40\" maxlength=\"400\" class=\"wpcf7-form-control wpcf7-text wpcf7-validates-as-required\" aria-required=\"true\" aria-invalid=\"false\" placeholder=\"Ime in priimek lastnika\" value=\"\" type=\"text\" name=\"text-111\" \/><\/span>\n\t<\/p>\n<\/div>\n<div>\n\t<p><span class=\"wpcf7-form-control-wrap\" data-name=\"text-112\"><input size=\"40\" maxlength=\"400\" class=\"wpcf7-form-control wpcf7-text wpcf7-validates-as-required\" aria-required=\"true\" aria-invalid=\"false\" placeholder=\"Naslov, kraj in po\u0161tna \u0161tevilka\" value=\"\" type=\"text\" name=\"text-112\" \/><\/span>\n\t<\/p>\n<\/div>\n<div>\n\t<p><span class=\"wpcf7-form-control-wrap\" data-name=\"email\"><input size=\"40\" maxlength=\"400\" class=\"wpcf7-form-control wpcf7-email wpcf7-validates-as-required wpcf7-text wpcf7-validates-as-email\" aria-required=\"true\" aria-invalid=\"false\" placeholder=\"E-mail\" value=\"\" type=\"email\" name=\"email\" \/><\/span>\n\t<\/p>\n<\/div>\n<div>\n\t<p><span class=\"wpcf7-form-control-wrap\" data-name=\"text-113\"><input size=\"40\" maxlength=\"400\" class=\"wpcf7-form-control wpcf7-text wpcf7-validates-as-required\" aria-required=\"true\" aria-invalid=\"false\" placeholder=\"Telefon\" value=\"\" type=\"text\" name=\"text-113\" \/><\/span>\n\t<\/p>\n<\/div>\n<h5 style=\"text-align: center;\">PODATKI O PSU\n<\/h5>\n<div>\n\t<p><span class=\"wpcf7-form-control-wrap\" data-name=\"text-121\"><input size=\"40\" maxlength=\"400\" class=\"wpcf7-form-control wpcf7-text wpcf7-validates-as-required\" aria-required=\"true\" aria-invalid=\"false\" placeholder=\"Ime psa\" value=\"\" type=\"text\" name=\"text-121\" \/><\/span>\n\t<\/p>\n<\/div>\n<div>\n\t<p><span class=\"wpcf7-form-control-wrap\" data-name=\"text-122\"><input size=\"40\" maxlength=\"400\" class=\"wpcf7-form-control wpcf7-text wpcf7-validates-as-required\" aria-required=\"true\" aria-invalid=\"false\" placeholder=\"Pasma\" value=\"\" type=\"text\" name=\"text-122\" \/><\/span>\n\t<\/p>\n<\/div>\n<div>\n\t<p><span class=\"wpcf7-form-control-wrap\" data-name=\"text-123\"><input size=\"40\" maxlength=\"400\" class=\"wpcf7-form-control wpcf7-text wpcf7-validates-as-required\" aria-required=\"true\" aria-invalid=\"false\" placeholder=\"Datum rojstva\" value=\"\" type=\"text\" name=\"text-123\" \/><\/span>\n\t<\/p>\n<\/div>\n<p><span class=\"wpcf7-form-control-wrap\" data-name=\"select-621\"><select class=\"wpcf7-form-control wpcf7-select wpcf7-validates-as-required\" aria-required=\"true\" aria-invalid=\"false\" name=\"select-621\"><option value=\"\">Spol<\/option><option value=\"Samec\">Samec<\/option><option value=\"Samica\">Samica<\/option><\/select><\/span><br \/>\n<span class=\"wpcf7-form-control-wrap\" data-name=\"select-563\"><select class=\"wpcf7-form-control wpcf7-select wpcf7-validates-as-required\" aria-required=\"true\" aria-invalid=\"false\" name=\"select-563\"><option value=\"Sterilizacija\">Sterilizacija<\/option><option value=\"NE\">NE<\/option><option value=\"DA\">DA<\/option><\/select><\/span>\n<\/p>\n<h5 style=\"text-align: center;\">PREHRANA\n<\/h5>\n<div>\n\t<p><span class=\"wpcf7-form-control-wrap\" data-name=\"text-131\"><input size=\"40\" maxlength=\"400\" class=\"wpcf7-form-control wpcf7-text wpcf7-validates-as-required\" aria-required=\"true\" aria-invalid=\"false\" placeholder=\"Vrsta hrane (suha, kuhana, surova)\" value=\"\" type=\"text\" name=\"text-131\" \/><\/span>\n\t<\/p>\n<\/div>\n<div>\n\t<p><span class=\"wpcf7-form-control-wrap\" data-name=\"text-132\"><input size=\"40\" maxlength=\"400\" class=\"wpcf7-form-control wpcf7-text wpcf7-validates-as-required\" aria-required=\"true\" aria-invalid=\"false\" placeholder=\"\u0160tevilka dnevnih obroka\" value=\"\" type=\"text\" name=\"text-132\" \/><\/span>\n\t<\/p>\n<\/div>\n<div>\n\t<p><span class=\"wpcf7-form-control-wrap\" data-name=\"text-133\"><input size=\"40\" maxlength=\"400\" class=\"wpcf7-form-control wpcf7-text wpcf7-validates-as-required\" aria-required=\"true\" aria-invalid=\"false\" placeholder=\"Gramatura na obrok\" value=\"\" type=\"text\" name=\"text-133\" \/><\/span>\n\t<\/p>\n<\/div>\n<h5 style=\"text-align: center;\">VETERINARSKA OSKRBA\n<\/h5>\n<div>\n\t<p><span class=\"wpcf7-form-control-wrap\" data-name=\"text-141\"><input size=\"40\" maxlength=\"400\" class=\"wpcf7-form-control wpcf7-text wpcf7-validates-as-required\" aria-required=\"true\" aria-invalid=\"false\" placeholder=\"Ime ambulante, kamor vodite psa\" value=\"\" type=\"text\" name=\"text-141\" \/><\/span>\n\t<\/p>\n<\/div>\n<div>\n\t<p><span class=\"wpcf7-form-control-wrap\" data-name=\"text-142\"><input size=\"40\" maxlength=\"400\" class=\"wpcf7-form-control wpcf7-text wpcf7-validates-as-required\" aria-required=\"true\" aria-invalid=\"false\" placeholder=\"Naslov ambulante\" value=\"\" type=\"text\" name=\"text-142\" \/><\/span>\n\t<\/p>\n<\/div>\n<div>\n\t<p><span class=\"wpcf7-form-control-wrap\" data-name=\"text-143\"><input size=\"40\" maxlength=\"400\" class=\"wpcf7-form-control wpcf7-text wpcf7-validates-as-required\" aria-required=\"true\" aria-invalid=\"false\" placeholder=\"Kontakt ambulante\" value=\"\" type=\"text\" name=\"text-143\" \/><\/span>\n\t<\/p>\n<\/div>\n<h5 style=\"text-align: center;\">POSEBNA OPOZORILA O PSU\n<\/h5>\n<p>Prosimo, vpi\u0161ite vse pomembne informacije, ki nam lahko pomagajo, da bo bivanje va\u0161ega psa \u010dim prijetnej\u0161e. To lahko vklju\u010duje:<br \/>\n-Zdravstveno stanje (ali pes jemlje zdravila, ima alergije, je nagnjen k prebavnim te\u017eavam, nedavne operacije)<br \/>\n- Vedenje in navade (ali rad grize igra\u010de in le\u017ei\u0161\u010da, pleza \u010dez ograjo, koplje luknje)<br \/>\n- Odnos do ljudi in drugih psov (dru\u017eaben, zadr\u017ean, dominanten, agresiven, pla\u0161en)<br \/>\n- Reakcije na zunanje dra\u017eljaje (nevihta, petarde, glasni zvoki, novo okolje)<br \/>\n- Najljub\u0161e aktivnosti in igra\u010de (kaj ga pomirja, kaj ga zabava)\n<\/p>\n<div>\n\t<p><span class=\"wpcf7-form-control-wrap\" data-name=\"textarea-969\"><textarea cols=\"40\" rows=\"10\" maxlength=\"2000\" class=\"wpcf7-form-control wpcf7-textarea\" aria-invalid=\"false\" placeholder=\"Sporo\u010dilo\" name=\"textarea-969\"><\/textarea><\/span>\n\t<\/p>\n<\/div>\n<h5 style=\"text-align: center;\">REZERVACIJA TERMINA\n<\/h5>\n<p>Datum prihoda:\n<\/p>\n<div>\n\t<p><span class=\"wpcf7-form-control-wrap\" data-name=\"text-555\"><input size=\"40\" maxlength=\"400\" class=\"wpcf7-form-control wpcf7-text wpcf7-validates-as-required\" aria-required=\"true\" aria-invalid=\"false\" placeholder=\"dd.mm.llll\" value=\"\" type=\"text\" name=\"text-555\" \/><\/span>\n\t<\/p>\n<\/div>\n<p>\u010cas prihoda:\n<\/p>\n<div>\n\t<p><span class=\"wpcf7-form-control-wrap\" data-name=\"select-439\"><select class=\"wpcf7-form-control wpcf7-select wpcf7-validates-as-required Vrijeme dolaska\" aria-required=\"true\" aria-invalid=\"false\" name=\"select-439\"><option value=\"\">Izberite<\/option><option value=\"Do 14:00\">Do 14:00<\/option><option value=\"Po 14:00\">Po 14:00<\/option><\/select><\/span>\n\t<\/p>\n<\/div>\n<p>Datum odhoda:\n<\/p>\n<div>\n\t<p><span class=\"wpcf7-form-control-wrap\" data-name=\"text-556\"><input size=\"40\" maxlength=\"400\" class=\"wpcf7-form-control wpcf7-text wpcf7-validates-as-required\" aria-required=\"true\" aria-invalid=\"false\" placeholder=\"dd.mm.llll\" value=\"\" type=\"text\" name=\"text-556\" \/><\/span>\n\t<\/p>\n<\/div>\n<p>\u010cas odhoda:\n<\/p>\n<div>\n\t<p><span class=\"wpcf7-form-control-wrap\" data-name=\"select-440\"><select class=\"wpcf7-form-control wpcf7-select wpcf7-validates-as-required Vrijeme dolaska\" aria-required=\"true\" aria-invalid=\"false\" name=\"select-440\"><option value=\"\">Izberite<\/option><option value=\"Do 14:00\">Do 14:00<\/option><option value=\"Po 14:00\">Po 14:00<\/option><\/select><\/span>\n\t<\/p>\n<\/div>\n<p><b>*Prosimo, da to\u010den \u010das prihoda sporo\u010dite vsaj en dan vnaprej.<\/b> Prihodi so mo\u017eni izklju\u010dno med 08:00 in 20:00. V primeru sprememb nas obvezno obvestite. Zgodnji prihodi in zamude lahko zmotijo urnik, zato vas prosimo da spo\u0161tujete dogovorjeni termin. Hvala za razumevanje!\n<\/p>\n<p><span><br \/>\n<span class=\"wpcf7-form-control-wrap\" data-name=\"accept-1\"><span class=\"wpcf7-form-control wpcf7-acceptance\"><span class=\"wpcf7-list-item\"><label><input type=\"checkbox\" name=\"accept-1\" value=\"1\" aria-invalid=\"false\" \/><span class=\"wpcf7-list-item-label\">Prebral\/a sem in sprejemam <a href=\"https:\/\/ranch4dogs.eu\/sl\/pravilnik\/\" target=\"_blank\">PRAVILNIK HOTELA<\/a> ter potrjujem da sem se seznanil\/a s <a href=\"https:\/\/ranch4dogs.eu\/sl\/cenik\/\" target=\"_blank\">CENIKOM<\/a>. Sogla\u0161am da se moji podatki uporabljajo za namen povratnega stika.<\/span><\/label><\/span><\/span><\/span><br \/>\n<span><br \/>\n<input class=\"wpcf7-form-control wpcf7-submit has-spinner\" type=\"submit\" value=\"Po\u0161lji\" \/><\/span><\/span>\n<\/p><div class=\"wpcf7-response-output\" aria-hidden=\"true\"><\/div>\n<\/form>\n<\/div>\n[\/vc_column][vc_column width=&#8221;1\/4&#8243;][\/vc_column][\/vc_row][vc_row css_animation=&#8221;&#8221; row_type=&#8221;row&#8221; use_row_as_full_screen_section=&#8221;no&#8221; type=&#8221;grid&#8221; angled_section=&#8221;no&#8221; text_align=&#8221;left&#8221; background_image_as_pattern=&#8221;without_pattern&#8221; z_index=&#8221;&#8221;][vc_column][vc_empty_space height=&#8221;100px&#8221;][\/vc_column][\/vc_row][vc_row css_animation=&#8221;&#8221; row_type=&#8221;row&#8221; use_row_as_full_screen_section=&#8221;no&#8221; type=&#8221;full_width&#8221; angled_section=&#8221;no&#8221; text_align=&#8221;left&#8221; background_image_as_pattern=&#8221;without_pattern&#8221; z_index=&#8221;&#8221;][vc_column][vc_single_image image=&#8221;701&#8243; img_size=&#8221;full&#8221; alignment=&#8221;center&#8221; qode_css_animation=&#8221;&#8221;][\/vc_column][\/vc_row]<\/p>\n<\/div>","protected":false},"excerpt":{"rendered":"<p>[vc_row css_animation=&#8221;&#8221; row_type=&#8221;row&#8221; use_row_as_full_screen_section=&#8221;no&#8221; type=&#8221;grid&#8221; angled_section=&#8221;no&#8221; text_align=&#8221;left&#8221; background_image_as_pattern=&#8221;without_pattern&#8221; z_index=&#8221;&#8221;][vc_column width=&#8221;1\/4&#8243;][\/vc_column][vc_column width=&#8221;1\/2&#8243;][vc_empty_space height=&#8221;100px&#8221;][vc_column_text css=&#8221;&#8221;] REGISTRACIJA IN REZERVACIJA TERMINA ZA NOVE UPORABNIKE [\/vc_column_text][vc_empty_space][vc_column_text css=&#8221;&#8221;] Izpolnite obrazec za registracijo, mi pa vas bomo kontaktirali v najkraj\u0161em mo\u017enem \u010dasu. Kapaciteta sta omejena, zato bomo pred potrditvijo preverili razpolo\u017eljivost mest&#8230;.<\/p>\n","protected":false},"author":1,"featured_media":0,"parent":0,"menu_order":0,"comment_status":"closed","ping_status":"closed","template":"full_width.php","meta":{"footnotes":""},"class_list":["post-1242","page","type-page","status-publish","hentry"],"yoast_head":"<!-- This site is optimized with the Yoast SEO plugin v27.2 - https:\/\/yoast.com\/product\/yoast-seo-wordpress\/ -->\n<title>Registracija - Ranch4dogs<\/title>\n<meta name=\"robots\" content=\"noindex, nofollow\" \/>\n<meta property=\"og:locale\" content=\"sl_SI\" \/>\n<meta property=\"og:type\" content=\"article\" \/>\n<meta property=\"og:title\" content=\"Ranch4dogs\" \/>\n<meta property=\"og:description\" content=\"Cenik storitev\" \/>\n<meta property=\"og:url\" content=\"https:\/\/ranch4dogs.eu\/sl\/registracija\/\" \/>\n<meta property=\"og:site_name\" content=\"Ranch4dogs\" \/>\n<meta property=\"article:publisher\" content=\"https:\/\/www.facebook.com\/ranch4dogs\/\" \/>\n<meta property=\"article:modified_time\" content=\"2025-05-13T18:05:59+00:00\" \/>\n<meta property=\"og:image\" content=\"https:\/\/ranch4dogs.eu\/wp-content\/uploads\/2019\/08\/ranch4dogs.eu_-1024x538.jpg\" \/>\n<meta name=\"twitter:card\" content=\"summary_large_image\" \/>\n<meta name=\"twitter:label1\" content=\"Est. reading time\" \/>\n\t<meta name=\"twitter:data1\" content=\"1 minuta\" \/>\n<script type=\"application\/ld+json\" class=\"yoast-schema-graph\">{\"@context\":\"https:\/\/schema.org\",\"@graph\":[{\"@type\":\"WebPage\",\"@id\":\"https:\/\/ranch4dogs.eu\/sl\/registracija\/\",\"url\":\"https:\/\/ranch4dogs.eu\/sl\/registracija\/\",\"name\":\"Registracija - Ranch4dogs\",\"isPartOf\":{\"@id\":\"https:\/\/ranch4dogs.eu\/sl\/#website\"},\"datePublished\":\"2025-03-30T15:19:14+00:00\",\"dateModified\":\"2025-05-13T18:05:59+00:00\",\"breadcrumb\":{\"@id\":\"https:\/\/ranch4dogs.eu\/sl\/registracija\/#breadcrumb\"},\"inLanguage\":\"sl-SI\",\"potentialAction\":[{\"@type\":\"ReadAction\",\"target\":[\"https:\/\/ranch4dogs.eu\/sl\/registracija\/\"]}]},{\"@type\":\"BreadcrumbList\",\"@id\":\"https:\/\/ranch4dogs.eu\/sl\/registracija\/#breadcrumb\",\"itemListElement\":[{\"@type\":\"ListItem\",\"position\":1,\"name\":\"Home\",\"item\":\"https:\/\/ranch4dogs.eu\/sl\/\"},{\"@type\":\"ListItem\",\"position\":2,\"name\":\"Registracija\"}]},{\"@type\":\"WebSite\",\"@id\":\"https:\/\/ranch4dogs.eu\/sl\/#website\",\"url\":\"https:\/\/ranch4dogs.eu\/sl\/\",\"name\":\"Ranch4dogs\",\"description\":\"Hotel za pse - Me\u0111imurje\",\"publisher\":{\"@id\":\"https:\/\/ranch4dogs.eu\/sl\/#organization\"},\"potentialAction\":[{\"@type\":\"SearchAction\",\"target\":{\"@type\":\"EntryPoint\",\"urlTemplate\":\"https:\/\/ranch4dogs.eu\/sl\/?s={search_term_string}\"},\"query-input\":{\"@type\":\"PropertyValueSpecification\",\"valueRequired\":true,\"valueName\":\"search_term_string\"}}],\"inLanguage\":\"sl-SI\"},{\"@type\":\"Organization\",\"@id\":\"https:\/\/ranch4dogs.eu\/sl\/#organization\",\"name\":\"Ranch4dogs\",\"url\":\"https:\/\/ranch4dogs.eu\/sl\/\",\"logo\":{\"@type\":\"ImageObject\",\"inLanguage\":\"sl-SI\",\"@id\":\"https:\/\/ranch4dogs.eu\/sl\/#\/schema\/logo\/image\/\",\"url\":\"https:\/\/ranch4dogs.eu\/wp-content\/uploads\/2019\/08\/logoslider.png\",\"contentUrl\":\"https:\/\/ranch4dogs.eu\/wp-content\/uploads\/2019\/08\/logoslider.png\",\"width\":999,\"height\":560,\"caption\":\"Ranch4dogs\"},\"image\":{\"@id\":\"https:\/\/ranch4dogs.eu\/sl\/#\/schema\/logo\/image\/\"},\"sameAs\":[\"https:\/\/www.facebook.com\/ranch4dogs\/\"]}]}<\/script>\n<!-- \/ Yoast SEO plugin. -->","yoast_head_json":{"title":"Registracija - Ranch4dogs","robots":{"index":"noindex","follow":"nofollow"},"og_locale":"sl_SI","og_type":"article","og_title":"Ranch4dogs","og_description":"Cenik storitev","og_url":"https:\/\/ranch4dogs.eu\/sl\/registracija\/","og_site_name":"Ranch4dogs","article_publisher":"https:\/\/www.facebook.com\/ranch4dogs\/","article_modified_time":"2025-05-13T18:05:59+00:00","og_image":[{"url":"https:\/\/ranch4dogs.eu\/wp-content\/uploads\/2019\/08\/ranch4dogs.eu_-1024x538.jpg","type":"","width":"","height":""}],"twitter_card":"summary_large_image","twitter_misc":{"Est. reading time":"1 minuta"},"schema":{"@context":"https:\/\/schema.org","@graph":[{"@type":"WebPage","@id":"https:\/\/ranch4dogs.eu\/sl\/registracija\/","url":"https:\/\/ranch4dogs.eu\/sl\/registracija\/","name":"Registracija - Ranch4dogs","isPartOf":{"@id":"https:\/\/ranch4dogs.eu\/sl\/#website"},"datePublished":"2025-03-30T15:19:14+00:00","dateModified":"2025-05-13T18:05:59+00:00","breadcrumb":{"@id":"https:\/\/ranch4dogs.eu\/sl\/registracija\/#breadcrumb"},"inLanguage":"sl-SI","potentialAction":[{"@type":"ReadAction","target":["https:\/\/ranch4dogs.eu\/sl\/registracija\/"]}]},{"@type":"BreadcrumbList","@id":"https:\/\/ranch4dogs.eu\/sl\/registracija\/#breadcrumb","itemListElement":[{"@type":"ListItem","position":1,"name":"Home","item":"https:\/\/ranch4dogs.eu\/sl\/"},{"@type":"ListItem","position":2,"name":"Registracija"}]},{"@type":"WebSite","@id":"https:\/\/ranch4dogs.eu\/sl\/#website","url":"https:\/\/ranch4dogs.eu\/sl\/","name":"Ranch4dogs","description":"Hotel za pse - Me\u0111imurje","publisher":{"@id":"https:\/\/ranch4dogs.eu\/sl\/#organization"},"potentialAction":[{"@type":"SearchAction","target":{"@type":"EntryPoint","urlTemplate":"https:\/\/ranch4dogs.eu\/sl\/?s={search_term_string}"},"query-input":{"@type":"PropertyValueSpecification","valueRequired":true,"valueName":"search_term_string"}}],"inLanguage":"sl-SI"},{"@type":"Organization","@id":"https:\/\/ranch4dogs.eu\/sl\/#organization","name":"Ranch4dogs","url":"https:\/\/ranch4dogs.eu\/sl\/","logo":{"@type":"ImageObject","inLanguage":"sl-SI","@id":"https:\/\/ranch4dogs.eu\/sl\/#\/schema\/logo\/image\/","url":"https:\/\/ranch4dogs.eu\/wp-content\/uploads\/2019\/08\/logoslider.png","contentUrl":"https:\/\/ranch4dogs.eu\/wp-content\/uploads\/2019\/08\/logoslider.png","width":999,"height":560,"caption":"Ranch4dogs"},"image":{"@id":"https:\/\/ranch4dogs.eu\/sl\/#\/schema\/logo\/image\/"},"sameAs":["https:\/\/www.facebook.com\/ranch4dogs\/"]}]}},"_links":{"self":[{"href":"https:\/\/ranch4dogs.eu\/sl\/wp-json\/wp\/v2\/pages\/1242","targetHints":{"allow":["GET"]}}],"collection":[{"href":"https:\/\/ranch4dogs.eu\/sl\/wp-json\/wp\/v2\/pages"}],"about":[{"href":"https:\/\/ranch4dogs.eu\/sl\/wp-json\/wp\/v2\/types\/page"}],"author":[{"embeddable":true,"href":"https:\/\/ranch4dogs.eu\/sl\/wp-json\/wp\/v2\/users\/1"}],"replies":[{"embeddable":true,"href":"https:\/\/ranch4dogs.eu\/sl\/wp-json\/wp\/v2\/comments?post=1242"}],"version-history":[{"count":0,"href":"https:\/\/ranch4dogs.eu\/sl\/wp-json\/wp\/v2\/pages\/1242\/revisions"}],"wp:attachment":[{"href":"https:\/\/ranch4dogs.eu\/sl\/wp-json\/wp\/v2\/media?parent=1242"}],"curies":[{"name":"wp","href":"https:\/\/api.w.org\/{rel}","templated":true}]}}