{"id":1245,"date":"2025-03-30T15:42:17","date_gmt":"2025-03-30T13:42:17","guid":{"rendered":"https:\/\/ranch4dogs.eu\/rezervacija\/"},"modified":"2025-05-13T20:08:07","modified_gmt":"2025-05-13T18:08:07","slug":"rezervacija","status":"publish","type":"page","link":"https:\/\/ranch4dogs.eu\/sl\/rezervacija\/","title":{"rendered":"Rezervacija"},"content":{"rendered":"<div class=\"wpb-content-wrapper\"><p>[vc_row css_animation=&#8221;&#8221; row_type=&#8221;row&#8221; use_row_as_full_screen_section=&#8221;no&#8221; type=&#8221;grid&#8221; angled_section=&#8221;no&#8221; text_align=&#8221;left&#8221; background_image_as_pattern=&#8221;without_pattern&#8221; z_index=&#8221;&#8221;][vc_column width=&#8221;1\/4&#8243;][\/vc_column][vc_column width=&#8221;1\/2&#8243;][vc_empty_space height=&#8221;100px&#8221;][vc_column_text css=&#8221;&#8221;]<\/p>\n<h3 style=\"text-align: center;\">REZERVACIJA TERMINA<\/h3>\n<h4 style=\"text-align: center;\">ZA OBSTOJE\u010cE UPORABNIKE<\/h4>\n<p>[\/vc_column_text][vc_empty_space][vc_column_text css=&#8221;&#8221;]<\/p>\n<p style=\"text-align: center;\">Izpolnite obrazec za rezervacijo, mi pa vas bomo kontaktirali v najkraj\u0161em mo\u017enem \u010dasu.<\/p>\n<p style=\"text-align: center;\">Kapaciteta sta omejena, zato bomo pred potrditvijo preverili razpolo\u017eljivost mesta za va\u0161ega psa.<\/p>\n<p style=\"text-align: center;\">Hvala za zaupanje!<\/p>\n<p>[\/vc_column_text][vc_empty_space]\n<div class=\"wpcf7 no-js\" id=\"wpcf7-f1250-o1\" lang=\"sl-SI\" dir=\"ltr\" data-wpcf7-id=\"1250\">\n<div class=\"screen-reader-response\"><p role=\"status\" aria-live=\"polite\" aria-atomic=\"true\"><\/p> <ul><\/ul><\/div>\n<form action=\"\/sl\/wp-json\/wp\/v2\/pages\/1245#wpcf7-f1250-o1\" method=\"post\" class=\"wpcf7-form init cf7_custom_style_1\" aria-label=\"Kontaktni obrazec\" novalidate=\"novalidate\" data-status=\"init\">\n<fieldset class=\"hidden-fields-container\"><input type=\"hidden\" name=\"_wpcf7\" value=\"1250\" \/><input type=\"hidden\" name=\"_wpcf7_version\" value=\"6.1.5\" \/><input type=\"hidden\" name=\"_wpcf7_locale\" value=\"sl_SI\" \/><input type=\"hidden\" name=\"_wpcf7_unit_tag\" value=\"wpcf7-f1250-o1\" \/><input type=\"hidden\" name=\"_wpcf7_container_post\" value=\"0\" \/><input type=\"hidden\" name=\"_wpcf7_posted_data_hash\" value=\"\" \/><input type=\"hidden\" name=\"_wpcf7_recaptcha_response\" value=\"\" \/>\n<\/fieldset>\n<div>\n\t<p><span class=\"wpcf7-form-control-wrap\" data-name=\"text-551\"><input size=\"40\" maxlength=\"400\" class=\"wpcf7-form-control wpcf7-text wpcf7-validates-as-required\" aria-required=\"true\" aria-invalid=\"false\" placeholder=\"Ime in priimek lastnika\" value=\"\" type=\"text\" name=\"text-551\" \/><\/span>\n\t<\/p>\n<\/div>\n<div>\n\t<p><span class=\"wpcf7-form-control-wrap\" data-name=\"email\"><input size=\"40\" maxlength=\"400\" class=\"wpcf7-form-control wpcf7-email wpcf7-validates-as-required wpcf7-text wpcf7-validates-as-email\" aria-required=\"true\" aria-invalid=\"false\" placeholder=\"Email\" value=\"\" type=\"email\" name=\"email\" \/><\/span>\n\t<\/p>\n<\/div>\n<div>\n\t<p><span class=\"wpcf7-form-control-wrap\" data-name=\"text-552\"><input size=\"40\" maxlength=\"400\" class=\"wpcf7-form-control wpcf7-text wpcf7-validates-as-required\" aria-required=\"true\" aria-invalid=\"false\" placeholder=\"Telefon\" value=\"\" type=\"text\" name=\"text-552\" \/><\/span>\n\t<\/p>\n<\/div>\n<div>\n\t<p><span class=\"wpcf7-form-control-wrap\" data-name=\"text-553\"><input size=\"40\" maxlength=\"400\" class=\"wpcf7-form-control wpcf7-text wpcf7-validates-as-required\" aria-required=\"true\" aria-invalid=\"false\" placeholder=\"Ime psa\" value=\"\" type=\"text\" name=\"text-553\" \/><\/span>\n\t<\/p>\n<\/div>\n<div>\n\t<p><span class=\"wpcf7-form-control-wrap\" data-name=\"text-554\"><input size=\"40\" maxlength=\"400\" class=\"wpcf7-form-control wpcf7-text wpcf7-validates-as-required\" aria-required=\"true\" aria-invalid=\"false\" placeholder=\"Pasma in spol\" value=\"\" type=\"text\" name=\"text-554\" \/><\/span>\n\t<\/p>\n<\/div>\n<p>Datum prihoda:\n<\/p>\n<div>\n\t<p><span class=\"wpcf7-form-control-wrap\" data-name=\"text-555\"><input size=\"40\" maxlength=\"400\" class=\"wpcf7-form-control wpcf7-text wpcf7-validates-as-required\" aria-required=\"true\" aria-invalid=\"false\" placeholder=\"dd.mm.llll\" value=\"\" type=\"text\" name=\"text-555\" \/><\/span>\n\t<\/p>\n<\/div>\n<p>\u010cas prihoda:\n<\/p>\n<div>\n\t<p><span class=\"wpcf7-form-control-wrap\" data-name=\"select-439\"><select class=\"wpcf7-form-control wpcf7-select wpcf7-validates-as-required Vrijeme dolaska\" aria-required=\"true\" aria-invalid=\"false\" name=\"select-439\"><option value=\"\">Izberite<\/option><option value=\"Do 14:00\">Do 14:00<\/option><option value=\"Po 14:00\">Po 14:00<\/option><\/select><\/span>\n\t<\/p>\n<\/div>\n<p>Datum odhoda:\n<\/p>\n<div>\n\t<p><span class=\"wpcf7-form-control-wrap\" data-name=\"text-556\"><input size=\"40\" maxlength=\"400\" class=\"wpcf7-form-control wpcf7-text wpcf7-validates-as-required\" aria-required=\"true\" aria-invalid=\"false\" placeholder=\"dd.mm.llll\" value=\"\" type=\"text\" name=\"text-556\" \/><\/span>\n\t<\/p>\n<\/div>\n<p>\u010cas odhoda:\n<\/p>\n<div>\n\t<p><span class=\"wpcf7-form-control-wrap\" data-name=\"select-440\"><select class=\"wpcf7-form-control wpcf7-select wpcf7-validates-as-required Vrijeme dolaska\" aria-required=\"true\" aria-invalid=\"false\" name=\"select-440\"><option value=\"\">Izberite<\/option><option value=\"Do 14:00\">Do 14:00<\/option><option value=\"Po 14:00\">Po 14:00<\/option><\/select><\/span>\n\t<\/p>\n<\/div>\n<p><b>*Prosimo da to\u010den \u010das prihoda sporo\u010dite vsaj en dan vnaprej.<\/b> Prihodi so mo\u017eni izklju\u010dno med 08:00 in 20:00 uro. V primeru sprememb nas obvezno obvestite. Zgodnji prihodi in zamude lahko zmotijo urnik, zato vas prosimo da spo\u0161tujete dogovorjeni termin. Hvala za razumevanje!\n<\/p>\n<div>\n\t<p><span class=\"wpcf7-form-control-wrap\" data-name=\"textarea-964\"><textarea cols=\"40\" rows=\"10\" maxlength=\"2000\" class=\"wpcf7-form-control wpcf7-textarea\" aria-invalid=\"false\" placeholder=\"Sporo\u010dilo \/ opomba\" name=\"textarea-964\"><\/textarea><\/span>\n\t<\/p>\n<\/div>\n<p><span><br \/>\n<span class=\"wpcf7-form-control-wrap\" data-name=\"accept-1\"><span class=\"wpcf7-form-control wpcf7-acceptance\"><span class=\"wpcf7-list-item\"><label><input type=\"checkbox\" name=\"accept-1\" value=\"1\" aria-invalid=\"false\" \/><span class=\"wpcf7-list-item-label\">Prebral\/a sem in sprejemam <a href=\"https:\/\/ranch4dogs.eu\/sl\/pravilnik\/\" target=\"_blank\">PRAVILNIK HOTELA<\/a> ter potrjujem, da sem se seznanil\/a s <a href=\"https:\/\/ranch4dogs.eu\/sl\/cenik\/\" target=\"_blank\">CENIKOM<\/a>. Sogla\u0161am, da se moji podatki uporabljajo za namen povratnega stika.<\/span><\/label><\/span><\/span><\/span><br \/>\n<span><br \/>\n<input class=\"wpcf7-form-control wpcf7-submit has-spinner\" type=\"submit\" value=\"Rezerviraj\" \/><\/span><\/span>\n<\/p><div class=\"wpcf7-response-output\" aria-hidden=\"true\"><\/div>\n<\/form>\n<\/div>\n[\/vc_column][vc_column width=&#8221;1\/4&#8243;][\/vc_column][\/vc_row][vc_row css_animation=&#8221;&#8221; row_type=&#8221;row&#8221; use_row_as_full_screen_section=&#8221;no&#8221; type=&#8221;grid&#8221; angled_section=&#8221;no&#8221; text_align=&#8221;left&#8221; background_image_as_pattern=&#8221;without_pattern&#8221; z_index=&#8221;&#8221;][vc_column][vc_empty_space height=&#8221;100px&#8221;][\/vc_column][\/vc_row][vc_row css_animation=&#8221;&#8221; row_type=&#8221;row&#8221; use_row_as_full_screen_section=&#8221;no&#8221; type=&#8221;full_width&#8221; angled_section=&#8221;no&#8221; text_align=&#8221;left&#8221; background_image_as_pattern=&#8221;without_pattern&#8221; z_index=&#8221;&#8221;][vc_column][vc_single_image image=&#8221;701&#8243; img_size=&#8221;full&#8221; alignment=&#8221;center&#8221; qode_css_animation=&#8221;&#8221;][\/vc_column][\/vc_row]<\/p>\n<\/div>","protected":false},"excerpt":{"rendered":"<p>[vc_row css_animation=&#8221;&#8221; row_type=&#8221;row&#8221; use_row_as_full_screen_section=&#8221;no&#8221; type=&#8221;grid&#8221; angled_section=&#8221;no&#8221; text_align=&#8221;left&#8221; background_image_as_pattern=&#8221;without_pattern&#8221; z_index=&#8221;&#8221;][vc_column width=&#8221;1\/4&#8243;][\/vc_column][vc_column width=&#8221;1\/2&#8243;][vc_empty_space height=&#8221;100px&#8221;][vc_column_text css=&#8221;&#8221;] REZERVACIJA TERMINA ZA OBSTOJE\u010cE UPORABNIKE [\/vc_column_text][vc_empty_space][vc_column_text css=&#8221;&#8221;] Izpolnite obrazec za rezervacijo, mi pa vas bomo kontaktirali v najkraj\u0161em mo\u017enem \u010dasu. Kapaciteta sta omejena, zato bomo pred potrditvijo preverili razpolo\u017eljivost mesta za va\u0161ega&#8230;<\/p>\n","protected":false},"author":1,"featured_media":0,"parent":0,"menu_order":0,"comment_status":"closed","ping_status":"closed","template":"full_width.php","meta":{"footnotes":""},"class_list":["post-1245","page","type-page","status-publish","hentry"],"yoast_head":"<!-- This site is optimized with the Yoast SEO plugin v27.2 - https:\/\/yoast.com\/product\/yoast-seo-wordpress\/ -->\n<title>Rezervacija - Ranch4dogs<\/title>\n<meta name=\"robots\" content=\"noindex, nofollow\" \/>\n<meta property=\"og:locale\" content=\"sl_SI\" \/>\n<meta property=\"og:type\" content=\"article\" \/>\n<meta property=\"og:title\" content=\"Ranch4dogs\" \/>\n<meta property=\"og:description\" content=\"rezervacija\" \/>\n<meta property=\"og:url\" content=\"https:\/\/ranch4dogs.eu\/sl\/rezervacija\/\" \/>\n<meta property=\"og:site_name\" content=\"Ranch4dogs\" \/>\n<meta property=\"article:publisher\" content=\"https:\/\/www.facebook.com\/ranch4dogs\/\" \/>\n<meta property=\"article:modified_time\" content=\"2025-05-13T18:08:07+00:00\" \/>\n<meta property=\"og:image\" content=\"https:\/\/ranch4dogs.eu\/wp-content\/uploads\/2019\/08\/ranch4dogs.eu_-1024x538.jpg\" \/>\n<meta name=\"twitter:card\" content=\"summary_large_image\" \/>\n<meta name=\"twitter:label1\" content=\"Est. reading time\" \/>\n\t<meta name=\"twitter:data1\" content=\"1 minuta\" \/>\n<script type=\"application\/ld+json\" class=\"yoast-schema-graph\">{\"@context\":\"https:\/\/schema.org\",\"@graph\":[{\"@type\":\"WebPage\",\"@id\":\"https:\/\/ranch4dogs.eu\/sl\/rezervacija\/\",\"url\":\"https:\/\/ranch4dogs.eu\/sl\/rezervacija\/\",\"name\":\"Rezervacija - Ranch4dogs\",\"isPartOf\":{\"@id\":\"https:\/\/ranch4dogs.eu\/sl\/#website\"},\"datePublished\":\"2025-03-30T13:42:17+00:00\",\"dateModified\":\"2025-05-13T18:08:07+00:00\",\"breadcrumb\":{\"@id\":\"https:\/\/ranch4dogs.eu\/sl\/rezervacija\/#breadcrumb\"},\"inLanguage\":\"sl-SI\",\"potentialAction\":[{\"@type\":\"ReadAction\",\"target\":[\"https:\/\/ranch4dogs.eu\/sl\/rezervacija\/\"]}]},{\"@type\":\"BreadcrumbList\",\"@id\":\"https:\/\/ranch4dogs.eu\/sl\/rezervacija\/#breadcrumb\",\"itemListElement\":[{\"@type\":\"ListItem\",\"position\":1,\"name\":\"Home\",\"item\":\"https:\/\/ranch4dogs.eu\/sl\/\"},{\"@type\":\"ListItem\",\"position\":2,\"name\":\"Rezervacija\"}]},{\"@type\":\"WebSite\",\"@id\":\"https:\/\/ranch4dogs.eu\/sl\/#website\",\"url\":\"https:\/\/ranch4dogs.eu\/sl\/\",\"name\":\"Ranch4dogs\",\"description\":\"Hotel za pse - Me\u0111imurje\",\"publisher\":{\"@id\":\"https:\/\/ranch4dogs.eu\/sl\/#organization\"},\"potentialAction\":[{\"@type\":\"SearchAction\",\"target\":{\"@type\":\"EntryPoint\",\"urlTemplate\":\"https:\/\/ranch4dogs.eu\/sl\/?s={search_term_string}\"},\"query-input\":{\"@type\":\"PropertyValueSpecification\",\"valueRequired\":true,\"valueName\":\"search_term_string\"}}],\"inLanguage\":\"sl-SI\"},{\"@type\":\"Organization\",\"@id\":\"https:\/\/ranch4dogs.eu\/sl\/#organization\",\"name\":\"Ranch4dogs\",\"url\":\"https:\/\/ranch4dogs.eu\/sl\/\",\"logo\":{\"@type\":\"ImageObject\",\"inLanguage\":\"sl-SI\",\"@id\":\"https:\/\/ranch4dogs.eu\/sl\/#\/schema\/logo\/image\/\",\"url\":\"https:\/\/ranch4dogs.eu\/wp-content\/uploads\/2019\/08\/logoslider.png\",\"contentUrl\":\"https:\/\/ranch4dogs.eu\/wp-content\/uploads\/2019\/08\/logoslider.png\",\"width\":999,\"height\":560,\"caption\":\"Ranch4dogs\"},\"image\":{\"@id\":\"https:\/\/ranch4dogs.eu\/sl\/#\/schema\/logo\/image\/\"},\"sameAs\":[\"https:\/\/www.facebook.com\/ranch4dogs\/\"]}]}<\/script>\n<!-- \/ Yoast SEO plugin. -->","yoast_head_json":{"title":"Rezervacija - Ranch4dogs","robots":{"index":"noindex","follow":"nofollow"},"og_locale":"sl_SI","og_type":"article","og_title":"Ranch4dogs","og_description":"rezervacija","og_url":"https:\/\/ranch4dogs.eu\/sl\/rezervacija\/","og_site_name":"Ranch4dogs","article_publisher":"https:\/\/www.facebook.com\/ranch4dogs\/","article_modified_time":"2025-05-13T18:08:07+00:00","og_image":[{"url":"https:\/\/ranch4dogs.eu\/wp-content\/uploads\/2019\/08\/ranch4dogs.eu_-1024x538.jpg","type":"","width":"","height":""}],"twitter_card":"summary_large_image","twitter_misc":{"Est. reading time":"1 minuta"},"schema":{"@context":"https:\/\/schema.org","@graph":[{"@type":"WebPage","@id":"https:\/\/ranch4dogs.eu\/sl\/rezervacija\/","url":"https:\/\/ranch4dogs.eu\/sl\/rezervacija\/","name":"Rezervacija - Ranch4dogs","isPartOf":{"@id":"https:\/\/ranch4dogs.eu\/sl\/#website"},"datePublished":"2025-03-30T13:42:17+00:00","dateModified":"2025-05-13T18:08:07+00:00","breadcrumb":{"@id":"https:\/\/ranch4dogs.eu\/sl\/rezervacija\/#breadcrumb"},"inLanguage":"sl-SI","potentialAction":[{"@type":"ReadAction","target":["https:\/\/ranch4dogs.eu\/sl\/rezervacija\/"]}]},{"@type":"BreadcrumbList","@id":"https:\/\/ranch4dogs.eu\/sl\/rezervacija\/#breadcrumb","itemListElement":[{"@type":"ListItem","position":1,"name":"Home","item":"https:\/\/ranch4dogs.eu\/sl\/"},{"@type":"ListItem","position":2,"name":"Rezervacija"}]},{"@type":"WebSite","@id":"https:\/\/ranch4dogs.eu\/sl\/#website","url":"https:\/\/ranch4dogs.eu\/sl\/","name":"Ranch4dogs","description":"Hotel za pse - Me\u0111imurje","publisher":{"@id":"https:\/\/ranch4dogs.eu\/sl\/#organization"},"potentialAction":[{"@type":"SearchAction","target":{"@type":"EntryPoint","urlTemplate":"https:\/\/ranch4dogs.eu\/sl\/?s={search_term_string}"},"query-input":{"@type":"PropertyValueSpecification","valueRequired":true,"valueName":"search_term_string"}}],"inLanguage":"sl-SI"},{"@type":"Organization","@id":"https:\/\/ranch4dogs.eu\/sl\/#organization","name":"Ranch4dogs","url":"https:\/\/ranch4dogs.eu\/sl\/","logo":{"@type":"ImageObject","inLanguage":"sl-SI","@id":"https:\/\/ranch4dogs.eu\/sl\/#\/schema\/logo\/image\/","url":"https:\/\/ranch4dogs.eu\/wp-content\/uploads\/2019\/08\/logoslider.png","contentUrl":"https:\/\/ranch4dogs.eu\/wp-content\/uploads\/2019\/08\/logoslider.png","width":999,"height":560,"caption":"Ranch4dogs"},"image":{"@id":"https:\/\/ranch4dogs.eu\/sl\/#\/schema\/logo\/image\/"},"sameAs":["https:\/\/www.facebook.com\/ranch4dogs\/"]}]}},"_links":{"self":[{"href":"https:\/\/ranch4dogs.eu\/sl\/wp-json\/wp\/v2\/pages\/1245","targetHints":{"allow":["GET"]}}],"collection":[{"href":"https:\/\/ranch4dogs.eu\/sl\/wp-json\/wp\/v2\/pages"}],"about":[{"href":"https:\/\/ranch4dogs.eu\/sl\/wp-json\/wp\/v2\/types\/page"}],"author":[{"embeddable":true,"href":"https:\/\/ranch4dogs.eu\/sl\/wp-json\/wp\/v2\/users\/1"}],"replies":[{"embeddable":true,"href":"https:\/\/ranch4dogs.eu\/sl\/wp-json\/wp\/v2\/comments?post=1245"}],"version-history":[{"count":0,"href":"https:\/\/ranch4dogs.eu\/sl\/wp-json\/wp\/v2\/pages\/1245\/revisions"}],"wp:attachment":[{"href":"https:\/\/ranch4dogs.eu\/sl\/wp-json\/wp\/v2\/media?parent=1245"}],"curies":[{"name":"wp","href":"https:\/\/api.w.org\/{rel}","templated":true}]}}